{"id":763,"date":"2024-05-23T06:07:19","date_gmt":"2024-05-23T04:07:19","guid":{"rendered":"https:\/\/umbrella-studio.com\/?page_id=763"},"modified":"2024-08-24T16:14:55","modified_gmt":"2024-08-24T14:14:55","slug":"about","status":"publish","type":"page","link":"https:\/\/umbrella-studio.com\/it\/about\/","title":{"rendered":"About Us"},"content":{"rendered":"<div data-elementor-type=\"wp-page\" data-elementor-id=\"763\" class=\"elementor elementor-763\" data-elementor-post-type=\"page\">\n\t\t\t\t<div class=\"elementor-element elementor-element-8819331 e-flex e-con-boxed e-con e-parent\" data-id=\"8819331\" data-element_type=\"container\">\n\t\t\t\t\t<div class=\"e-con-inner\">\n\t\t\n\n\n\n\t\t<div class=\"elementor-element elementor-element-09a0400 elementor-widget elementor-widget-text-editor\" data-id=\"09a0400\" data-element_type=\"widget\" data-widget_type=\"text-editor.default\">\n\t\t\t\t<div class=\"elementor-widget-container\">\n\t\t\t\t\t\t\t<p>UMBRELLA STUDIO \u00c8 UN\u2019AGENZIA LEADER NEL MARKETING DIGITALE CON SEDE NELLA SPLENDIDA CITT\u00c0 DI VERONA, IN ITALIA.<\/p><p>LA NOSTRA MISSIONE \u00c8 POTENZIARE LE AZIENDE CON SOLUZIONI DIGITALI INNOVATIVE CHE FAVORISCONO CRESCITA E SUCCESSO.<\/p><p>CON UN TEAM DI PROFESSIONISTI DEDICATI, SIAMO SPECIALIZZATI NEL FORNIRE UNA GAMMA COMPLETA DI SERVIZI, TRA CUI MARKETING DIGITALE, DESIGN CREATIVO E SOLUZIONI DI E-COMMERCE.<\/p>\t\t\t\t\t\t<\/div>\n\t\t\t\t<\/div>\n\t\t\t\t\t<\/div>\n\t\t\t\t<\/div>\n\t\t<div class=\"elementor-element elementor-element-6711a9e2 e-flex e-con-boxed e-con e-parent\" data-id=\"6711a9e2\" data-element_type=\"container\" data-settings=\"{&quot;background_background&quot;:&quot;classic&quot;}\">\n\t\t\t\t\t<div class=\"e-con-inner\">\n\t\t<div class=\"elementor-element elementor-element-5707deed e-con-full e-flex e-con e-child\" data-id=\"5707deed\" data-element_type=\"container\">\n\t\t<div class=\"elementor-element elementor-element-5f098784 e-con-full e-flex e-con e-child\" data-id=\"5f098784\" data-element_type=\"container\" data-settings=\"{&quot;background_background&quot;:&quot;classic&quot;}\">\n\t\t<div class=\"elementor-element elementor-element-393f38e4 e-con-full e-flex e-con e-child\" data-id=\"393f38e4\" data-element_type=\"container\" data-settings=\"{&quot;background_background&quot;:&quot;gradient&quot;}\">\n\t\t\t\t<div class=\"elementor-element elementor-element-5544b991 elementor-widget elementor-widget-image\" data-id=\"5544b991\" data-element_type=\"widget\" data-widget_type=\"image.default\">\n\t\t\t\t<div class=\"elementor-widget-container\">\n\t\t\t\t\t\t\t\t\t\t\t\t\t<img fetchpriority=\"high\" decoding=\"async\" width=\"500\" height=\"550\" src=\"https:\/\/umbrella-studio.com\/wp-content\/uploads\/2024\/06\/hammad-ali-bg.png\" class=\"attachment-large size-large wp-image-1394\" alt=\"\" srcset=\"https:\/\/umbrella-studio.com\/wp-content\/uploads\/2024\/06\/hammad-ali-bg.png 500w, https:\/\/umbrella-studio.com\/wp-content\/uploads\/2024\/06\/hammad-ali-bg-273x300.png 273w\" sizes=\"(max-width: 500px) 100vw, 500px\" \/>\t\t\t\t\t\t\t\t\t\t\t\t\t<\/div>\n\t\t\t\t<\/div>\n\t\t\t\t<\/div>\n\t\t<div class=\"elementor-element elementor-element-3059cb8e e-con-full e-flex e-con e-child\" data-id=\"3059cb8e\" data-element_type=\"container\">\n\t\t\t\t<div class=\"elementor-element elementor-element-5abf4a9c elementor-widget elementor-widget-heading\" data-id=\"5abf4a9c\" data-element_type=\"widget\" data-settings=\"{&quot;_animation&quot;:&quot;none&quot;}\" data-widget_type=\"heading.default\">\n\t\t\t\t<div class=\"elementor-widget-container\">\n\t\t\t<h4 class=\"elementor-heading-title elementor-size-default\">Hammad Ali<\/h4>\t\t<\/div>\n\t\t\t\t<\/div>\n\t\t\t\t<div class=\"elementor-element elementor-element-289b6f04 e-grid-align-left e-grid-align-mobile-center elementor-shape-square elementor-grid-0 elementor-widget elementor-widget-social-icons\" data-id=\"289b6f04\" data-element_type=\"widget\" data-settings=\"{&quot;_animation&quot;:&quot;none&quot;}\" data-widget_type=\"social-icons.default\">\n\t\t\t\t<div class=\"elementor-widget-container\">\n\t\t\t\t\t<div class=\"elementor-social-icons-wrapper elementor-grid\">\n\t\t\t\t\t\t\t<span class=\"elementor-grid-item\">\n\t\t\t\t\t<a class=\"elementor-icon elementor-social-icon elementor-social-icon-linkedin elementor-animation-float elementor-repeater-item-3c19aba\" target=\"_blank\">\n\t\t\t\t\t\t<span class=\"elementor-screen-only\">Linkedin<\/span>\n\t\t\t\t\t\t<svg class=\"e-font-icon-svg e-fab-linkedin\" viewbox=\"0 0 448 512\" xmlns=\"http:\/\/www.w3.org\/2000\/svg\"><path d=\"M416 32H31.9C14.3 32 0 46.5 0 64.3v383.4C0 465.5 14.3 480 31.9 480H416c17.6 0 32-14.5 32-32.3V64.3c0-17.8-14.4-32.3-32-32.3zM135.4 416H69V202.2h66.5V416zm-33.2-243c-21.3 0-38.5-17.3-38.5-38.5S80.9 96 102.2 96c21.2 0 38.5 17.3 38.5 38.5 0 21.3-17.2 38.5-38.5 38.5zm282.1 243h-66.4V312c0-24.8-.5-56.7-34.5-56.7-34.6 0-39.9 27-39.9 54.9V416h-66.4V202.2h63.7v29.2h.9c8.9-16.8 30.6-34.5 62.9-34.5 67.2 0 79.7 44.3 79.7 101.9V416z\"><\/path><\/svg>\t\t\t\t\t<\/a>\n\t\t\t\t<\/span>\n\t\t\t\t\t<\/div>\n\t\t\t\t<\/div>\n\t\t\t\t<\/div>\n\t\t\t\t<div class=\"elementor-element elementor-element-62ece7f8 elementor-widget elementor-widget-spacer\" data-id=\"62ece7f8\" data-element_type=\"widget\" data-widget_type=\"spacer.default\">\n\t\t\t\t<div class=\"elementor-widget-container\">\n\t\t\t\t\t<div class=\"elementor-spacer\">\n\t\t\t<div class=\"elementor-spacer-inner\"><\/div>\n\t\t<\/div>\n\t\t\t\t<\/div>\n\t\t\t\t<\/div>\n\t\t\t\t<div class=\"elementor-element elementor-element-4229ec8b animated-slow elementor-widget elementor-widget-text-editor\" data-id=\"4229ec8b\" data-element_type=\"widget\" data-settings=\"{&quot;_animation&quot;:&quot;none&quot;}\" data-widget_type=\"text-editor.default\">\n\t\t\t\t<div class=\"elementor-widget-container\">\n\t\t\t\t\t\t\t<p>HAMMAD ALI \u00c8 UN ESPERTO DI MARKETING DIGITALE DI 24 ANNI, LAUREATO IN MARKETING E CERTIFICATO DA META E GOOGLE. CON 4 ANNI DI ESPERIENZA NEL MARKETING DEI MEDIA DIGITALI E NELL\u2019OTTIMIZZAZIONE DEI SITI WEB, HAMMAD SI DISTINGUE PER LA SUA CREATIVIT\u00c0 E CAPACIT\u00c0 DI PROBLEM-SOLVING. LA SUA PASSIONE \u00c8 AIUTARE LE AZIENDE A CRESCERE DIGITALMENTE.<\/p>\t\t\t\t\t\t<\/div>\n\t\t\t\t<\/div>\n\t\t\t\t<\/div>\n\t\t\t\t<\/div>\n\t\t<div class=\"elementor-element elementor-element-2901ff10 e-con-full e-flex e-con e-child\" data-id=\"2901ff10\" data-element_type=\"container\" data-settings=\"{&quot;background_background&quot;:&quot;classic&quot;}\">\n\t\t<div class=\"elementor-element elementor-element-7ea23279 e-con-full e-flex e-con e-child\" data-id=\"7ea23279\" data-element_type=\"container\" data-settings=\"{&quot;background_background&quot;:&quot;gradient&quot;}\">\n\t\t\t\t<div class=\"elementor-element elementor-element-630b2ebb elementor-widget elementor-widget-image\" data-id=\"630b2ebb\" data-element_type=\"widget\" data-widget_type=\"image.default\">\n\t\t\t\t<div class=\"elementor-widget-container\">\n\t\t\t\t\t\t\t\t\t\t\t\t\t<img decoding=\"async\" width=\"500\" height=\"500\" src=\"https:\/\/umbrella-studio.com\/wp-content\/uploads\/2024\/06\/Ale-Zeta-Image.png\" class=\"attachment-large size-large wp-image-1530\" alt=\"\" srcset=\"https:\/\/umbrella-studio.com\/wp-content\/uploads\/2024\/06\/Ale-Zeta-Image.png 500w, https:\/\/umbrella-studio.com\/wp-content\/uploads\/2024\/06\/Ale-Zeta-Image-300x300.png 300w, https:\/\/umbrella-studio.com\/wp-content\/uploads\/2024\/06\/Ale-Zeta-Image-150x150.png 150w\" sizes=\"(max-width: 500px) 100vw, 500px\" \/>\t\t\t\t\t\t\t\t\t\t\t\t\t<\/div>\n\t\t\t\t<\/div>\n\t\t\t\t<\/div>\n\t\t<div class=\"elementor-element elementor-element-50e92200 e-con-full e-flex e-con e-child\" data-id=\"50e92200\" data-element_type=\"container\">\n\t\t\t\t<div class=\"elementor-element elementor-element-2711ad1f elementor-widget elementor-widget-heading\" data-id=\"2711ad1f\" data-element_type=\"widget\" data-settings=\"{&quot;_animation&quot;:&quot;none&quot;}\" data-widget_type=\"heading.default\">\n\t\t\t\t<div class=\"elementor-widget-container\">\n\t\t\t<h4 class=\"elementor-heading-title elementor-size-default\">Alessandro Zanetti<\/h4>\t\t<\/div>\n\t\t\t\t<\/div>\n\t\t\t\t<div class=\"elementor-element elementor-element-4cfa4a71 e-grid-align-left e-grid-align-mobile-center elementor-shape-rounded elementor-grid-0 elementor-widget elementor-widget-social-icons\" data-id=\"4cfa4a71\" data-element_type=\"widget\" data-settings=\"{&quot;_animation&quot;:&quot;none&quot;}\" data-widget_type=\"social-icons.default\">\n\t\t\t\t<div class=\"elementor-widget-container\">\n\t\t\t\t\t<div class=\"elementor-social-icons-wrapper elementor-grid\">\n\t\t\t\t\t\t\t<span class=\"elementor-grid-item\">\n\t\t\t\t\t<a class=\"elementor-icon elementor-social-icon elementor-social-icon-facebook elementor-animation-float elementor-repeater-item-3c19aba\" target=\"_blank\">\n\t\t\t\t\t\t<span class=\"elementor-screen-only\">Facebook<\/span>\n\t\t\t\t\t\t<svg class=\"e-font-icon-svg e-fab-facebook\" viewbox=\"0 0 512 512\" xmlns=\"http:\/\/www.w3.org\/2000\/svg\"><path d=\"M504 256C504 119 393 8 256 8S8 119 8 256c0 123.78 90.69 226.38 209.25 245V327.69h-63V256h63v-54.64c0-62.15 37-96.48 93.67-96.48 27.14 0 55.52 4.84 55.52 4.84v61h-31.28c-30.8 0-40.41 19.12-40.41 38.73V256h68.78l-11 71.69h-57.78V501C413.31 482.38 504 379.78 504 256z\"><\/path><\/svg>\t\t\t\t\t<\/a>\n\t\t\t\t<\/span>\n\t\t\t\t\t\t\t<span class=\"elementor-grid-item\">\n\t\t\t\t\t<a class=\"elementor-icon elementor-social-icon elementor-social-icon-linkedin elementor-animation-float elementor-repeater-item-3147707\" target=\"_blank\">\n\t\t\t\t\t\t<span class=\"elementor-screen-only\">Linkedin<\/span>\n\t\t\t\t\t\t<svg class=\"e-font-icon-svg e-fab-linkedin\" viewbox=\"0 0 448 512\" xmlns=\"http:\/\/www.w3.org\/2000\/svg\"><path d=\"M416 32H31.9C14.3 32 0 46.5 0 64.3v383.4C0 465.5 14.3 480 31.9 480H416c17.6 0 32-14.5 32-32.3V64.3c0-17.8-14.4-32.3-32-32.3zM135.4 416H69V202.2h66.5V416zm-33.2-243c-21.3 0-38.5-17.3-38.5-38.5S80.9 96 102.2 96c21.2 0 38.5 17.3 38.5 38.5 0 21.3-17.2 38.5-38.5 38.5zm282.1 243h-66.4V312c0-24.8-.5-56.7-34.5-56.7-34.6 0-39.9 27-39.9 54.9V416h-66.4V202.2h63.7v29.2h.9c8.9-16.8 30.6-34.5 62.9-34.5 67.2 0 79.7 44.3 79.7 101.9V416z\"><\/path><\/svg>\t\t\t\t\t<\/a>\n\t\t\t\t<\/span>\n\t\t\t\t\t<\/div>\n\t\t\t\t<\/div>\n\t\t\t\t<\/div>\n\t\t\t\t<div class=\"elementor-element elementor-element-3ca7ef01 elementor-widget elementor-widget-spacer\" data-id=\"3ca7ef01\" data-element_type=\"widget\" data-widget_type=\"spacer.default\">\n\t\t\t\t<div class=\"elementor-widget-container\">\n\t\t\t\t\t<div class=\"elementor-spacer\">\n\t\t\t<div class=\"elementor-spacer-inner\"><\/div>\n\t\t<\/div>\n\t\t\t\t<\/div>\n\t\t\t\t<\/div>\n\t\t\t\t<div class=\"elementor-element elementor-element-79bf309 animated-slow elementor-widget elementor-widget-text-editor\" data-id=\"79bf309\" data-element_type=\"widget\" data-settings=\"{&quot;_animation&quot;:&quot;none&quot;}\" data-widget_type=\"text-editor.default\">\n\t\t\t\t<div class=\"elementor-widget-container\">\n\t\t\t\t\t\t\t<div class=\"flex flex-grow flex-col max-w-full\"><div class=\"min-h-[20px] text-message flex flex-col items-start whitespace-pre-wrap break-words [.text-message+&amp;]:mt-5 juice:w-full juice:items-end overflow-x-auto gap-2\" dir=\"auto\" data-message-author-role=\"assistant\" data-message-id=\"bfad7202-0299-4da9-9e45-9c9516d63667\"><div class=\"flex w-full flex-col gap-1 juice:empty:hidden juice:first:pt-[3px]\"><div class=\"markdown prose w-full break-words dark:prose-invert light\"><p>ALESSANDRO ZANETTI \u00c8 UN PROFESSIONISTA ESPERTO NELLA CREAZIONE DI CONTENUTI, BRANDING E MEDIA. CON UNA VASTA ESPERIENZA, ECCELLE NEL CREARE NARRAZIONI AVVINCENTI E NEL COSTRUIRE FORTI IDENTIT\u00c0 DI MARCA. LA COMPETENZA DI ALESSANDRO GARANTISCE CHE OGNI PROGETTO INTRAPRESO MIGLIORI LA PRESENZA DIGITALE E L\u2019IMPATTO DEI NOSTRI CLIENTI.<\/p><\/div><\/div><\/div><\/div>\t\t\t\t\t\t<\/div>\n\t\t\t\t<\/div>\n\t\t\t\t<\/div>\n\t\t\t\t<\/div>\n\t\t<div class=\"elementor-element elementor-element-c75126c e-flex e-con-boxed e-con e-child\" data-id=\"c75126c\" data-element_type=\"container\">\n\t\t\t\t\t<div class=\"e-con-inner\">\n\t\t<div class=\"elementor-element elementor-element-90fcefb e-flex e-con-boxed e-con e-child\" data-id=\"90fcefb\" data-element_type=\"container\">\n\t\t\t\t\t<div class=\"e-con-inner\">\n\t\t\t\t<div class=\"elementor-element elementor-element-4541f0b elementor-view-default elementor-widget elementor-widget-icon\" data-id=\"4541f0b\" data-element_type=\"widget\" data-widget_type=\"icon.default\">\n\t\t\t\t<div class=\"elementor-widget-container\">\n\t\t\t\t\t<div class=\"elementor-icon-wrapper\">\n\t\t\t<div class=\"elementor-icon\">\n\t\t\t<svg aria-hidden=\"true\" class=\"e-font-icon-svg e-fas-arrow-right\" viewbox=\"0 0 448 512\" xmlns=\"http:\/\/www.w3.org\/2000\/svg\"><path d=\"M190.5 66.9l22.2-22.2c9.4-9.4 24.6-9.4 33.9 0L441 239c9.4 9.4 9.4 24.6 0 33.9L246.6 467.3c-9.4 9.4-24.6 9.4-33.9 0l-22.2-22.2c-9.5-9.5-9.3-25 .4-34.3L311.4 296H24c-13.3 0-24-10.7-24-24v-32c0-13.3 10.7-24 24-24h287.4L190.9 101.2c-9.8-9.3-10-24.8-.4-34.3z\"><\/path><\/svg>\t\t\t<\/div>\n\t\t<\/div>\n\t\t\t\t<\/div>\n\t\t\t\t<\/div>\n\t\t\t\t\t<\/div>\n\t\t\t\t<\/div>\n\t\t\t\t\t<\/div>\n\t\t\t\t<\/div>\n\t\t\t\t<\/div>\n\t\t\t\t\t<\/div>\n\t\t\t\t<\/div>\n\t\t\t\t<\/div>","protected":false},"excerpt":{"rendered":"<p>WHO WE ARE Umbrella Studio is a leading digital marketing agency based in the beautiful city of Verona, Italy. Our mission is to empower businesses with innovative digital solutions that drive growth and success. With a team of dedicated professionals, we specialize in providing a comprehensive range of services including digital marketing, creative design, and [&hellip;]<\/p>","protected":false},"author":2,"featured_media":0,"parent":0,"menu_order":0,"comment_status":"closed","ping_status":"closed","template":"","meta":{"footnotes":""},"_links":{"self":[{"href":"https:\/\/umbrella-studio.com\/it\/wp-json\/wp\/v2\/pages\/763"}],"collection":[{"href":"https:\/\/umbrella-studio.com\/it\/wp-json\/wp\/v2\/pages"}],"about":[{"href":"https:\/\/umbrella-studio.com\/it\/wp-json\/wp\/v2\/types\/page"}],"author":[{"embeddable":true,"href":"https:\/\/umbrella-studio.com\/it\/wp-json\/wp\/v2\/users\/2"}],"replies":[{"embeddable":true,"href":"https:\/\/umbrella-studio.com\/it\/wp-json\/wp\/v2\/comments?post=763"}],"version-history":[{"count":64,"href":"https:\/\/umbrella-studio.com\/it\/wp-json\/wp\/v2\/pages\/763\/revisions"}],"predecessor-version":[{"id":1566,"href":"https:\/\/umbrella-studio.com\/it\/wp-json\/wp\/v2\/pages\/763\/revisions\/1566"}],"wp:attachment":[{"href":"https:\/\/umbrella-studio.com\/it\/wp-json\/wp\/v2\/media?parent=763"}],"curies":[{"name":"wp","href":"https:\/\/api.w.org\/{rel}","templated":true}]}}